{"id":124,"date":"2020-04-15T06:50:22","date_gmt":"2020-04-15T06:50:22","guid":{"rendered":"https:\/\/nordkalotten.com\/?page_id=124"},"modified":"2024-10-10T14:46:27","modified_gmt":"2024-10-10T14:46:27","slug":"policys","status":"publish","type":"page","link":"https:\/\/nordkalotten.com\/en\/policys\/","title":{"rendered":"Policys"},"content":{"rendered":"<div data-elementor-type=\"wp-page\" data-elementor-id=\"124\" class=\"elementor elementor-124\" data-elementor-post-type=\"page\">\n\t\t\t\t\t\t<section class=\"elementor-section elementor-top-section elementor-element elementor-element-fa385a2 elementor-section-boxed elementor-section-height-default elementor-section-height-default\" data-id=\"fa385a2\" data-element_type=\"section\" data-e-type=\"section\">\n\t\t\t\t\t\t<div class=\"elementor-container elementor-column-gap-default\">\n\t\t\t\t\t<div class=\"elementor-column elementor-col-100 elementor-top-column elementor-element elementor-element-dbca5a2\" data-id=\"dbca5a2\" data-element_type=\"column\" data-e-type=\"column\">\n\t\t\t<div class=\"elementor-widget-wrap elementor-element-populated\">\n\t\t\t\t\t\t<div class=\"elementor-element elementor-element-39e6177 elementor-widget elementor-widget-heading\" data-id=\"39e6177\" data-element_type=\"widget\" data-e-type=\"widget\" data-widget_type=\"heading.default\">\n\t\t\t\t<div class=\"elementor-widget-container\">\n\t\t\t\t\t<h2 class=\"elementor-heading-title elementor-size-default\">Policys &amp; Villkor<\/h2>\t\t\t\t<\/div>\n\t\t\t\t<\/div>\n\t\t\t\t\t<\/div>\n\t\t<\/div>\n\t\t\t\t\t<\/div>\n\t\t<\/section>\n\t\t\t\t<section class=\"elementor-section elementor-top-section elementor-element elementor-element-4402190 elementor-section-boxed elementor-section-height-default elementor-section-height-default\" data-id=\"4402190\" data-element_type=\"section\" data-e-type=\"section\">\n\t\t\t\t\t\t<div class=\"elementor-container elementor-column-gap-default\">\n\t\t\t\t\t<div class=\"elementor-column elementor-col-50 elementor-top-column elementor-element elementor-element-cd4fa53\" data-id=\"cd4fa53\" data-element_type=\"column\" data-e-type=\"column\">\n\t\t\t<div class=\"elementor-widget-wrap elementor-element-populated\">\n\t\t\t\t\t\t<div class=\"elementor-element elementor-element-80e2d46 elementor-widget elementor-widget-heading\" data-id=\"80e2d46\" data-element_type=\"widget\" data-e-type=\"widget\" data-widget_type=\"heading.default\">\n\t\t\t\t<div class=\"elementor-widget-container\">\n\t\t\t\t\t<h2 class=\"elementor-heading-title elementor-size-default\">S\u00e5 hanterar vi personuppgifter<\/h2>\t\t\t\t<\/div>\n\t\t\t\t<\/div>\n\t\t\t\t<div class=\"elementor-element elementor-element-d6ea82d elementor-widget elementor-widget-text-editor\" data-id=\"d6ea82d\" data-element_type=\"widget\" data-e-type=\"widget\" data-widget_type=\"text-editor.default\">\n\t\t\t\t<div class=\"elementor-widget-container\">\n\t\t\t\t\t\t\t\t\t<p>Den 25 maj 2018 tr\u00e4dde det nya regelverket GDPR i kraft som verkar f\u00f6r att ge dig st\u00f6rre kontroll \u00f6ver hur dina personuppgifter hanteras. D\u00e4rf\u00f6r har vi tagit fram en Integritetspolicy f\u00f6r att du ska kunna l\u00e4sa och f\u00f6rst\u00e5 hur, och f\u00f6r vilka \u00e4ndam\u00e5l vi behandlar dina personuppgifter. Du beh\u00f6ver inte agera p\u00e5 denna information, men vi tycker att det \u00e4r viktigt att du f\u00e5r vetskap om hur vi hanterar dina personuppgifter.<\/p><p><strong><a href=\"https:\/\/nordkalotten.com\/wp-content\/uploads\/2024\/10\/Integritetspolicy_hotellgaster.pdf\" target=\"_blank\" rel=\"noopener\">L\u00e4s v\u00e5r integritetspolicy h\u00e4r<\/a><\/strong><\/p><p>I enlighet med g\u00e4llande dataskyddslagstiftning har du r\u00e4tt att f\u00e5 tillg\u00e5ng till information om vilka personuppgifter som vi behandlar om dig. Om du vill att dina personuppgifter ska \u00e4ndras, granskas eller raderas s\u00e5 kan du n\u00e4r som helst g\u00f6ra detta genom att kontakta:\u00a0<a href=\"mailto:dpo@pitehavsbadgroup.se\">dpo@pitehavsbadgroup.se<\/a><\/p>\t\t\t\t\t\t\t\t<\/div>\n\t\t\t\t<\/div>\n\t\t\t\t\t<\/div>\n\t\t<\/div>\n\t\t\t\t<div class=\"elementor-column elementor-col-50 elementor-top-column elementor-element elementor-element-3af2976\" data-id=\"3af2976\" data-element_type=\"column\" data-e-type=\"column\">\n\t\t\t<div class=\"elementor-widget-wrap elementor-element-populated\">\n\t\t\t\t\t\t<div class=\"elementor-element elementor-element-1cbd25a elementor-widget elementor-widget-heading\" data-id=\"1cbd25a\" data-element_type=\"widget\" data-e-type=\"widget\" data-widget_type=\"heading.default\">\n\t\t\t\t<div class=\"elementor-widget-container\">\n\t\t\t\t\t<h2 class=\"elementor-heading-title elementor-size-default\">Kundklubbsvillkor<\/h2>\t\t\t\t<\/div>\n\t\t\t\t<\/div>\n\t\t\t\t<div class=\"elementor-element elementor-element-72d22e7 elementor-widget elementor-widget-text-editor\" data-id=\"72d22e7\" data-element_type=\"widget\" data-e-type=\"widget\" data-widget_type=\"text-editor.default\">\n\t\t\t\t<div class=\"elementor-widget-container\">\n\t\t\t\t\t\t\t\t\t<p>F\u00f6r alla hotell som ing\u00e5r i Pite Havsbad Group har du m\u00f6jlighet att bli kundklubbsmedlem n\u00e4r du bokar boende p\u00e5 n\u00e5got av v\u00e5ra hotell. Kundklubben ger dig m\u00f6jligheten att h\u00e4nga med i vad som h\u00e4nder hos oss och ta del av exklusiva medlemserbjudanden, f\u00f6rtur p\u00e5 boende och biljetter till v\u00e5ra n\u00f6jen och beachpartyn, fri ombokning samt deltar i utlottningar som sker l\u00f6pande under \u00e5ret.<\/p><p><strong><a href=\"https:\/\/nordkalotten.com\/wp-content\/uploads\/2021\/01\/Kundklubbsvillkor.pdf\" target=\"_blank\" rel=\"noopener\">L\u00e4s v\u00e5ra medlemsvillkor h\u00e4r<\/a><\/strong><\/p>\t\t\t\t\t\t\t\t<\/div>\n\t\t\t\t<\/div>\n\t\t\t\t\t<\/div>\n\t\t<\/div>\n\t\t\t\t\t<\/div>\n\t\t<\/section>\n\t\t\t\t<section class=\"elementor-section elementor-top-section elementor-element elementor-element-630b6de elementor-section-boxed elementor-section-height-default elementor-section-height-default\" data-id=\"630b6de\" data-element_type=\"section\" data-e-type=\"section\">\n\t\t\t\t\t\t<div class=\"elementor-container elementor-column-gap-default\">\n\t\t\t\t\t<div class=\"elementor-column elementor-col-50 elementor-top-column elementor-element elementor-element-4bab8c3\" data-id=\"4bab8c3\" data-element_type=\"column\" data-e-type=\"column\">\n\t\t\t<div class=\"elementor-widget-wrap elementor-element-populated\">\n\t\t\t\t\t\t<div class=\"elementor-element elementor-element-950f637 elementor-widget elementor-widget-heading\" data-id=\"950f637\" data-element_type=\"widget\" data-e-type=\"widget\" data-widget_type=\"heading.default\">\n\t\t\t\t<div class=\"elementor-widget-container\">\n\t\t\t\t\t<h2 class=\"elementor-heading-title elementor-size-default\">Cookies &amp; Sp\u00e5rning<\/h2>\t\t\t\t<\/div>\n\t\t\t\t<\/div>\n\t\t\t\t<div class=\"elementor-element elementor-element-986b3c8 elementor-widget elementor-widget-text-editor\" data-id=\"986b3c8\" data-element_type=\"widget\" data-e-type=\"widget\" data-widget_type=\"text-editor.default\">\n\t\t\t\t<div class=\"elementor-widget-container\">\n\t\t\t\t\t\t\t\t\t<p>Nordkalotten anv\u00e4nder sig av \u201dcookies\u201d f\u00f6r att underl\u00e4tta anv\u00e4ndningen och utnyttjandet av Nordkalottens webbplats.<\/p><p>En cookie \u00e4r en liten textbaserad datafil som en webbserver kan be att f\u00e5 spara p\u00e5 en webbplatsbes\u00f6kares h\u00e5rddisk. Cookien hj\u00e4lper till att k\u00e4nna igen vilken typ av inneh\u00e5ll och vilka sidor som bes\u00f6kts p\u00e5 v\u00e5r webbplats. Information som sparas med hj\u00e4lp av en cookie kan r\u00f6ra hur en webbplatsanv\u00e4ndare utnyttjat webbplatsen, vilken typ av webbl\u00e4sare webbanv\u00e4ndaren anv\u00e4nder och vilka webbsidor anv\u00e4ndaren har bes\u00f6kt. Cookien m\u00f6jligg\u00f6r f\u00f6r Nordkalotten att f\u00f6rb\u00e4ttra ditt bes\u00f6k p\u00e5 Nordkalottens webbplats.<\/p><p>En permanent cookie ligger kvar p\u00e5 anv\u00e4ndarens dator under en best\u00e4md tid. En sessionscookie lagras tillf\u00e4lligt i datorns minne under tiden en bes\u00f6kare \u00e4r inne p\u00e5 en hemsida. Sessionscookien f\u00f6rsvinner n\u00e4r anv\u00e4ndaren st\u00e4nger sin webbl\u00e4sare. Nordkalotten anv\u00e4nder sig av b\u00e5de permanenta cookies och session cookies. Nordkalotten kan \u00e4ven komma att anv\u00e4nda sig av tredjepartscookies.<\/p><p>Om anv\u00e4ndaren inte vill till\u00e5ta cookies kan anv\u00e4ndaren v\u00e4lja att \u00e4ndra inst\u00e4llningarna i anv\u00e4ndarens webbl\u00e4sare s\u00e5 att cookies inte accepteras. Om anv\u00e4ndare inte accepterar cookies kan detta p\u00e5verka webbplatsens funktionalitet.<\/p>\t\t\t\t\t\t\t\t<\/div>\n\t\t\t\t<\/div>\n\t\t\t\t\t<\/div>\n\t\t<\/div>\n\t\t\t\t<div class=\"elementor-column elementor-col-50 elementor-top-column elementor-element elementor-element-5488bb3\" data-id=\"5488bb3\" data-element_type=\"column\" data-e-type=\"column\">\n\t\t\t<div class=\"elementor-widget-wrap elementor-element-populated\">\n\t\t\t\t\t\t<div class=\"elementor-element elementor-element-6bbeb7c elementor-widget elementor-widget-heading\" data-id=\"6bbeb7c\" data-element_type=\"widget\" data-e-type=\"widget\" data-widget_type=\"heading.default\">\n\t\t\t\t<div class=\"elementor-widget-container\">\n\t\t\t\t\t<h2 class=\"elementor-heading-title elementor-size-default\">Webbplats<\/h2>\t\t\t\t<\/div>\n\t\t\t\t<\/div>\n\t\t\t\t<div class=\"elementor-element elementor-element-a461d53 elementor-widget elementor-widget-text-editor\" data-id=\"a461d53\" data-element_type=\"widget\" data-e-type=\"widget\" data-widget_type=\"text-editor.default\">\n\t\t\t\t<div class=\"elementor-widget-container\">\n\t\t\t\t\t\t\t\t\t<p><strong>Ansvarsbegr\u00e4nsning<\/strong><\/p><p>Nordkalotten l\u00e4mnar inga garantier i fr\u00e5ga om webbplatsens funktion eller tillg\u00e4nglighet. Inte heller garanterar Nordkalotten att den information som h\u00e5lls tillg\u00e4nglig p\u00e5 webbplatsen \u00e4r korrekt eller fullst\u00e4ndig. Detta g\u00e4ller information om s\u00e5v\u00e4l produkter, tj\u00e4nster och erbjudanden som annan information som tillhandah\u00e5lls p\u00e5 webbplatsen.<br \/>S\u00e5ledes utesluts allt ansvar f\u00f6r s\u00e5v\u00e4l direkt som indirekt skada orsakad av webbplatsens nyttjande eller information som webbplatsen tillhandah\u00e5ller i den m\u00e5n inte annat f\u00f6ljer av tvingande lag.<\/p><p><strong>\u00c4ndring av webbplats och anv\u00e4ndningsvillkor<\/strong><\/p><p>F\u00f6r att f\u00f6rb\u00e4ttra din anv\u00e4ndning av denna webbplats kan Nordkalotten komma att g\u00f6ra \u00e4ndringar. Nordkalotten f\u00f6rbeh\u00e5ller sig r\u00e4tten att, utan f\u00f6reg\u00e5ende upplysning, g\u00f6ra de f\u00f6rb\u00e4ttringar, f\u00f6r\u00e4ndringar, till\u00e4gg eller borttagande av information p\u00e5 webbplatsen som Nordkalotten anser n\u00f6dv\u00e4ndiga. Vidare f\u00f6rbeh\u00e5ller sig Nordkalotten r\u00e4tten att g\u00f6ra \u00e4ndringar i dessa Anv\u00e4ndningsvillkor. Genom att du forts\u00e4tter att anv\u00e4nda webbplatsen efter att s\u00e5dana \u00e4ndringar har publicerats accepterar du \u00e4ndringarna.<\/p>\t\t\t\t\t\t\t\t<\/div>\n\t\t\t\t<\/div>\n\t\t\t\t\t<\/div>\n\t\t<\/div>\n\t\t\t\t\t<\/div>\n\t\t<\/section>\n\t\t\t\t<section class=\"elementor-section elementor-top-section elementor-element elementor-element-faf4d70 elementor-section-boxed elementor-section-height-default elementor-section-height-default\" data-id=\"faf4d70\" data-element_type=\"section\" data-e-type=\"section\">\n\t\t\t\t\t\t<div class=\"elementor-container elementor-column-gap-default\">\n\t\t\t\t\t<div class=\"elementor-column elementor-col-50 elementor-top-column elementor-element elementor-element-b40d924\" data-id=\"b40d924\" data-element_type=\"column\" data-e-type=\"column\">\n\t\t\t<div class=\"elementor-widget-wrap elementor-element-populated\">\n\t\t\t\t\t\t<div class=\"elementor-element elementor-element-1333d8b elementor-widget elementor-widget-heading\" data-id=\"1333d8b\" data-element_type=\"widget\" data-e-type=\"widget\" data-widget_type=\"heading.default\">\n\t\t\t\t<div class=\"elementor-widget-container\">\n\t\t\t\t\t<h2 class=\"elementor-heading-title elementor-size-default\">Sociala medier<\/h2>\t\t\t\t<\/div>\n\t\t\t\t<\/div>\n\t\t\t\t<div class=\"elementor-element elementor-element-dde31af elementor-widget elementor-widget-text-editor\" data-id=\"dde31af\" data-element_type=\"widget\" data-e-type=\"widget\" data-widget_type=\"text-editor.default\">\n\t\t\t\t<div class=\"elementor-widget-container\">\n\t\t\t\t\t\t\t\t\t<p>Vi vill uppmana dig som f\u00f6ljare p\u00e5 v\u00e5ra sociala medier att h\u00e5lla en god ton och respektera varandra p\u00e5 v\u00e5ra sociala kanaler. D\u00e4rf\u00f6r har vi tagit fram en policy med riktlinjer d\u00e4r vi klarg\u00f6r vad som inte \u00e4r okej och d\u00e4rav kommer att plockas bort p\u00e5 v\u00e5ra Sociala medier.<\/p><p>Vi uppmanar alla v\u00e5ra g\u00e4ster att l\u00e4mna recensioner efter sitt bes\u00f6k, men \u00e4r tacksamma om ni i f\u00f6rstahand l\u00e4mnar era synpunkter via formul\u00e4ret som skickas ut till er e-post vid utcheckning alternativt att ni ber\u00e4ttar om er upplevelse till v\u00e5r reception vid utcheckning. Detta ger oss en b\u00e4ttre m\u00f6jlighet att vidta \u00e5tg\u00e4rder.\u00a0<\/p><p>Nordkalotten diskuterar inte fr\u00e5gor om ers\u00e4ttning eller brott i sociala medier. Dessa fr\u00e5gor m\u00e5ste g\u00e5 via e-post, telefon eller direkt p\u00e5 plats.<\/p><p>Nordkalotten kan komma att radera kommentarer eller inl\u00e4gg som inneh\u00e5ller f\u00f6ljande:<\/p><ul><li>Publicering av upphovsr\u00e4ttsskyddat material.<\/li><li>Publicering av personuppgifter.<\/li><li>Kr\u00e4nkningar som \u00e4r riktad mot exempelvis en etnisk grupp, sexuell l\u00e4ggning, k\u00f6n, politisk \u00e5sikt, yrke eller religion.<\/li><li>Svordomar och obscena ord.<\/li><li>Personliga angrepp och \u00e4rekr\u00e4nkande inl\u00e4gg<\/li><li>Pornografiska, rasistiska eller sexistiska yttranden.<\/li><li>Uppmaningar till brott eller p\u00e5 annat s\u00e4tt bryta mot svensk lag.<\/li><li>Hot, trakasserier, skvaller eller l\u00f6gner.<\/li><\/ul>\t\t\t\t\t\t\t\t<\/div>\n\t\t\t\t<\/div>\n\t\t\t\t\t<\/div>\n\t\t<\/div>\n\t\t\t\t<div class=\"elementor-column elementor-col-50 elementor-top-column elementor-element elementor-element-05740c1 elementor-hidden-desktop elementor-hidden-tablet elementor-hidden-phone\" data-id=\"05740c1\" data-element_type=\"column\" data-e-type=\"column\">\n\t\t\t<div class=\"elementor-widget-wrap elementor-element-populated\">\n\t\t\t\t\t\t<div class=\"elementor-element elementor-element-d8fdd28 elementor-widget elementor-widget-heading\" data-id=\"d8fdd28\" data-element_type=\"widget\" data-e-type=\"widget\" data-widget_type=\"heading.default\">\n\t\t\t\t<div class=\"elementor-widget-container\">\n\t\t\t\t\t<h2 class=\"elementor-heading-title elementor-size-default\">Bokningsvillkor<\/h2>\t\t\t\t<\/div>\n\t\t\t\t<\/div>\n\t\t\t\t<div class=\"elementor-element elementor-element-14c5e99 elementor-widget elementor-widget-text-editor\" data-id=\"14c5e99\" data-element_type=\"widget\" data-e-type=\"widget\" data-widget_type=\"text-editor.default\">\n\t\t\t\t<div class=\"elementor-widget-container\">\n\t\t\t\t\t\t\t\t\t<p>H\u00e4r kan du l\u00e4sa vilka villkor som g\u00e4ller f\u00f6r bokning, betalning, avbokning samt in- och utcheckning. Om inte n\u00e5gon speciell \u00f6verenskommelse har tr\u00e4ffats g\u00e4ller f\u00f6ljande regler f\u00f6r dig som g\u00e4st hos oss p\u00e5 Pite Havsbad. F\u00f6r konferenser samt gruppbokningar g\u00e4ller s\u00e4rskilda regler.<\/p><p><a href=\"https:\/\/pitehavsbad.se\/bokningsvillkor\"><strong>L\u00e4s v\u00e5ra bokningsvillkor h\u00e4r<\/strong><\/a><\/p>\t\t\t\t\t\t\t\t<\/div>\n\t\t\t\t<\/div>\n\t\t\t\t\t<\/div>\n\t\t<\/div>\n\t\t\t\t\t<\/div>\n\t\t<\/section>\n\t\t\t\t<\/div>","protected":false},"excerpt":{"rendered":"<p>Policys &amp; Villkor S\u00e5 hanterar vi personuppgifter Den 25 maj 2018 tr\u00e4dde det nya regelverket GDPR i kraft som verkar f\u00f6r att ge dig st\u00f6rre kontroll \u00f6ver hur dina personuppgifter hanteras. D\u00e4rf\u00f6r har vi tagit fram en Integritetspolicy f\u00f6r att du ska kunna l\u00e4sa och f\u00f6rst\u00e5 hur, och f\u00f6r vilka \u00e4ndam\u00e5l vi behandlar dina personuppgifter. [&hellip;]<\/p>\n","protected":false},"author":5,"featured_media":0,"parent":0,"menu_order":13,"comment_status":"closed","ping_status":"closed","template":"","meta":{"_acf_changed":false,"footnotes":""},"class_list":["post-124","page","type-page","status-publish","hentry"],"acf":[],"yoast_head":"<!-- This site is optimized with the Yoast SEO plugin v26.9 - https:\/\/yoast.com\/product\/yoast-seo-wordpress\/ -->\n<title>Policys - Nordkalotten<\/title>\n<meta name=\"robots\" content=\"index, follow, max-snippet:-1, max-image-preview:large, max-video-preview:-1\" \/>\n<link rel=\"canonical\" href=\"https:\/\/nordkalotten.com\/en\/policys\/\" \/>\n<meta property=\"og:locale\" content=\"en_GB\" \/>\n<meta property=\"og:type\" content=\"article\" \/>\n<meta property=\"og:title\" content=\"Policys - Nordkalotten\" \/>\n<meta property=\"og:description\" content=\"Policys &amp; Villkor S\u00e5 hanterar vi personuppgifter Den 25 maj 2018 tr\u00e4dde det nya regelverket GDPR i kraft som verkar f\u00f6r att ge dig st\u00f6rre kontroll \u00f6ver hur dina personuppgifter hanteras. D\u00e4rf\u00f6r har vi tagit fram en Integritetspolicy f\u00f6r att du ska kunna l\u00e4sa och f\u00f6rst\u00e5 hur, och f\u00f6r vilka \u00e4ndam\u00e5l vi behandlar dina personuppgifter. [&hellip;]\" \/>\n<meta property=\"og:url\" content=\"https:\/\/nordkalotten.com\/en\/policys\/\" \/>\n<meta property=\"og:site_name\" content=\"Nordkalotten\" \/>\n<meta property=\"article:modified_time\" content=\"2024-10-10T14:46:27+00:00\" \/>\n<meta name=\"twitter:card\" content=\"summary_large_image\" \/>\n<meta name=\"twitter:label1\" content=\"Estimated reading time\" \/>\n\t<meta name=\"twitter:data1\" content=\"4 minutes\" \/>\n<script type=\"application\/ld+json\" class=\"yoast-schema-graph\">{\"@context\":\"https:\/\/schema.org\",\"@graph\":[{\"@type\":\"WebPage\",\"@id\":\"https:\/\/nordkalotten.com\/policys\/\",\"url\":\"https:\/\/nordkalotten.com\/policys\/\",\"name\":\"Policys - Nordkalotten\",\"isPartOf\":{\"@id\":\"https:\/\/nordkalotten.com\/#website\"},\"datePublished\":\"2020-04-15T06:50:22+00:00\",\"dateModified\":\"2024-10-10T14:46:27+00:00\",\"breadcrumb\":{\"@id\":\"https:\/\/nordkalotten.com\/policys\/#breadcrumb\"},\"inLanguage\":\"en-GB\",\"potentialAction\":[{\"@type\":\"ReadAction\",\"target\":[\"https:\/\/nordkalotten.com\/policys\/\"]}]},{\"@type\":\"BreadcrumbList\",\"@id\":\"https:\/\/nordkalotten.com\/policys\/#breadcrumb\",\"itemListElement\":[{\"@type\":\"ListItem\",\"position\":1,\"name\":\"Home\",\"item\":\"https:\/\/nordkalotten.com\/\"},{\"@type\":\"ListItem\",\"position\":2,\"name\":\"Policys\"}]},{\"@type\":\"WebSite\",\"@id\":\"https:\/\/nordkalotten.com\/#website\",\"url\":\"https:\/\/nordkalotten.com\/\",\"name\":\"Nordkalotten\",\"description\":\"Hotell &amp; Konferens\",\"publisher\":{\"@id\":\"https:\/\/nordkalotten.com\/#organization\"},\"potentialAction\":[{\"@type\":\"SearchAction\",\"target\":{\"@type\":\"EntryPoint\",\"urlTemplate\":\"https:\/\/nordkalotten.com\/?s={search_term_string}\"},\"query-input\":{\"@type\":\"PropertyValueSpecification\",\"valueRequired\":true,\"valueName\":\"search_term_string\"}}],\"inLanguage\":\"en-GB\"},{\"@type\":\"Organization\",\"@id\":\"https:\/\/nordkalotten.com\/#organization\",\"name\":\"Nordkalotten\",\"url\":\"https:\/\/nordkalotten.com\/\",\"logo\":{\"@type\":\"ImageObject\",\"inLanguage\":\"en-GB\",\"@id\":\"https:\/\/nordkalotten.com\/#\/schema\/logo\/image\/\",\"url\":\"https:\/\/nordkalotten.com\/wp-content\/uploads\/2020\/06\/Nordkalotten-liggande-logga-vit-st\u00f6rre.png\",\"contentUrl\":\"https:\/\/nordkalotten.com\/wp-content\/uploads\/2020\/06\/Nordkalotten-liggande-logga-vit-st\u00f6rre.png\",\"width\":1384,\"height\":251,\"caption\":\"Nordkalotten\"},\"image\":{\"@id\":\"https:\/\/nordkalotten.com\/#\/schema\/logo\/image\/\"}}]}<\/script>\n<!-- \/ Yoast SEO plugin. -->","yoast_head_json":{"title":"Policys - Nordkalotten","robots":{"index":"index","follow":"follow","max-snippet":"max-snippet:-1","max-image-preview":"max-image-preview:large","max-video-preview":"max-video-preview:-1"},"canonical":"https:\/\/nordkalotten.com\/en\/policys\/","og_locale":"en_GB","og_type":"article","og_title":"Policys - Nordkalotten","og_description":"Policys &amp; Villkor S\u00e5 hanterar vi personuppgifter Den 25 maj 2018 tr\u00e4dde det nya regelverket GDPR i kraft som verkar f\u00f6r att ge dig st\u00f6rre kontroll \u00f6ver hur dina personuppgifter hanteras. D\u00e4rf\u00f6r har vi tagit fram en Integritetspolicy f\u00f6r att du ska kunna l\u00e4sa och f\u00f6rst\u00e5 hur, och f\u00f6r vilka \u00e4ndam\u00e5l vi behandlar dina personuppgifter. [&hellip;]","og_url":"https:\/\/nordkalotten.com\/en\/policys\/","og_site_name":"Nordkalotten","article_modified_time":"2024-10-10T14:46:27+00:00","twitter_card":"summary_large_image","twitter_misc":{"Estimated reading time":"4 minutes"},"schema":{"@context":"https:\/\/schema.org","@graph":[{"@type":"WebPage","@id":"https:\/\/nordkalotten.com\/policys\/","url":"https:\/\/nordkalotten.com\/policys\/","name":"Policys - Nordkalotten","isPartOf":{"@id":"https:\/\/nordkalotten.com\/#website"},"datePublished":"2020-04-15T06:50:22+00:00","dateModified":"2024-10-10T14:46:27+00:00","breadcrumb":{"@id":"https:\/\/nordkalotten.com\/policys\/#breadcrumb"},"inLanguage":"en-GB","potentialAction":[{"@type":"ReadAction","target":["https:\/\/nordkalotten.com\/policys\/"]}]},{"@type":"BreadcrumbList","@id":"https:\/\/nordkalotten.com\/policys\/#breadcrumb","itemListElement":[{"@type":"ListItem","position":1,"name":"Home","item":"https:\/\/nordkalotten.com\/"},{"@type":"ListItem","position":2,"name":"Policys"}]},{"@type":"WebSite","@id":"https:\/\/nordkalotten.com\/#website","url":"https:\/\/nordkalotten.com\/","name":"Nordkalotten","description":"Hotell &amp; Konferens","publisher":{"@id":"https:\/\/nordkalotten.com\/#organization"},"potentialAction":[{"@type":"SearchAction","target":{"@type":"EntryPoint","urlTemplate":"https:\/\/nordkalotten.com\/?s={search_term_string}"},"query-input":{"@type":"PropertyValueSpecification","valueRequired":true,"valueName":"search_term_string"}}],"inLanguage":"en-GB"},{"@type":"Organization","@id":"https:\/\/nordkalotten.com\/#organization","name":"Nordkalotten","url":"https:\/\/nordkalotten.com\/","logo":{"@type":"ImageObject","inLanguage":"en-GB","@id":"https:\/\/nordkalotten.com\/#\/schema\/logo\/image\/","url":"https:\/\/nordkalotten.com\/wp-content\/uploads\/2020\/06\/Nordkalotten-liggande-logga-vit-st\u00f6rre.png","contentUrl":"https:\/\/nordkalotten.com\/wp-content\/uploads\/2020\/06\/Nordkalotten-liggande-logga-vit-st\u00f6rre.png","width":1384,"height":251,"caption":"Nordkalotten"},"image":{"@id":"https:\/\/nordkalotten.com\/#\/schema\/logo\/image\/"}}]}},"_links":{"self":[{"href":"https:\/\/nordkalotten.com\/en\/wp-json\/wp\/v2\/pages\/124","targetHints":{"allow":["GET"]}}],"collection":[{"href":"https:\/\/nordkalotten.com\/en\/wp-json\/wp\/v2\/pages"}],"about":[{"href":"https:\/\/nordkalotten.com\/en\/wp-json\/wp\/v2\/types\/page"}],"author":[{"embeddable":true,"href":"https:\/\/nordkalotten.com\/en\/wp-json\/wp\/v2\/users\/5"}],"replies":[{"embeddable":true,"href":"https:\/\/nordkalotten.com\/en\/wp-json\/wp\/v2\/comments?post=124"}],"version-history":[{"count":10,"href":"https:\/\/nordkalotten.com\/en\/wp-json\/wp\/v2\/pages\/124\/revisions"}],"predecessor-version":[{"id":571,"href":"https:\/\/nordkalotten.com\/en\/wp-json\/wp\/v2\/pages\/124\/revisions\/571"}],"wp:attachment":[{"href":"https:\/\/nordkalotten.com\/en\/wp-json\/wp\/v2\/media?parent=124"}],"curies":[{"name":"wp","href":"https:\/\/api.w.org\/{rel}","templated":true}]}}