{"id":140,"date":"2020-04-15T08:06:11","date_gmt":"2020-04-15T08:06:11","guid":{"rendered":"https:\/\/nordkalotten.com\/?page_id=140"},"modified":"2024-06-26T08:25:51","modified_gmt":"2024-06-26T08:25:51","slug":"boende","status":"publish","type":"page","link":"https:\/\/nordkalotten.com\/en\/boende\/","title":{"rendered":"Accommodation"},"content":{"rendered":"<div data-elementor-type=\"wp-page\" data-elementor-id=\"140\" class=\"elementor elementor-140\" data-elementor-post-type=\"page\">\n\t\t\t\t\t\t<section class=\"elementor-section elementor-top-section elementor-element elementor-element-d36ed56 elementor-section-full_width elementor-section-height-default elementor-section-height-default\" data-id=\"d36ed56\" data-element_type=\"section\" data-e-type=\"section\">\n\t\t\t\t\t\t<div class=\"elementor-container elementor-column-gap-no\">\n\t\t\t\t\t<div class=\"elementor-column elementor-col-100 elementor-top-column elementor-element elementor-element-f6996d4\" data-id=\"f6996d4\" data-element_type=\"column\" data-e-type=\"column\">\n\t\t\t<div class=\"elementor-widget-wrap elementor-element-populated\">\n\t\t\t\t\t\t<div class=\"elementor-element elementor-element-1ad65a7 elementor--h-position-center elementor--v-position-middle elementor-arrows-position-inside elementor-pagination-position-inside elementor-widget elementor-widget-slides\" data-id=\"1ad65a7\" data-element_type=\"widget\" data-e-type=\"widget\" data-settings=\"{&quot;navigation&quot;:&quot;both&quot;,&quot;autoplay&quot;:&quot;yes&quot;,&quot;pause_on_hover&quot;:&quot;yes&quot;,&quot;pause_on_interaction&quot;:&quot;yes&quot;,&quot;autoplay_speed&quot;:5000,&quot;infinite&quot;:&quot;yes&quot;,&quot;transition&quot;:&quot;slide&quot;,&quot;transition_speed&quot;:500}\" data-widget_type=\"slides.default\">\n\t\t\t\t<div class=\"elementor-widget-container\">\n\t\t\t\t\t\t\t\t\t<div class=\"elementor-swiper\">\n\t\t\t\t\t<div class=\"elementor-slides-wrapper elementor-main-swiper swiper\" role=\"region\" aria-roledescription=\"carousel\" aria-label=\"Bildspel\" dir=\"ltr\" data-animation=\"\">\n\t\t\t\t<div class=\"swiper-wrapper elementor-slides\">\n\t\t\t\t\t\t\t\t\t\t<div class=\"elementor-repeater-item-5b89bb6 swiper-slide\" role=\"group\" aria-roledescription=\"slide\"><div class=\"swiper-slide-bg\" role=\"img\" aria-label=\"hotrasket\"><\/div><div class=\"swiper-slide-inner\" ><div class=\"swiper-slide-contents\"><div class=\"elementor-slide-heading\">Accommodation<\/div><div  class=\"elementor-button elementor-slide-button elementor-size-sm\">F\u00f6r tillf\u00e4llet fullbokat en tid fram\u00f6ver<\/div><\/div><\/div><\/div>\t\t\t\t<\/div>\n\t\t\t\t\t\t\t<\/div>\n\t\t\t\t<\/div>\n\t\t\t\t\t\t\t\t<\/div>\n\t\t\t\t<\/div>\n\t\t\t\t\t<\/div>\n\t\t<\/div>\n\t\t\t\t\t<\/div>\n\t\t<\/section>\n\t\t\t\t<section class=\"elementor-section elementor-top-section elementor-element elementor-element-8ad663e elementor-hidden-desktop elementor-hidden-tablet elementor-hidden-phone elementor-section-boxed elementor-section-height-default elementor-section-height-default\" data-id=\"8ad663e\" data-element_type=\"section\" data-e-type=\"section\">\n\t\t\t\t\t\t<div class=\"elementor-container elementor-column-gap-default\">\n\t\t\t\t\t<div class=\"elementor-column elementor-col-50 elementor-top-column elementor-element elementor-element-de90efe\" data-id=\"de90efe\" data-element_type=\"column\" data-e-type=\"column\">\n\t\t\t<div class=\"elementor-widget-wrap elementor-element-populated\">\n\t\t\t\t\t\t<div class=\"elementor-element elementor-element-1e4bddb elementor-widget elementor-widget-heading\" data-id=\"1e4bddb\" data-element_type=\"widget\" data-e-type=\"widget\" data-widget_type=\"heading.default\">\n\t\t\t\t<div class=\"elementor-widget-container\">\n\t\t\t\t\t<h2 class=\"elementor-heading-title elementor-size-default\">Om hotellet <\/h2>\t\t\t\t<\/div>\n\t\t\t\t<\/div>\n\t\t\t\t<div class=\"elementor-element elementor-element-b3d7cf6 elementor-widget elementor-widget-text-editor\" data-id=\"b3d7cf6\" data-element_type=\"widget\" data-e-type=\"widget\" data-widget_type=\"text-editor.default\">\n\t\t\t\t<div class=\"elementor-widget-container\">\n\t\t\t\t\t\t\t\t\t<p>S\u00e5 n\u00e4ra vildmarken, stadens centrum och Lule\u00e5 flygplats att du inte missar n\u00e5gonting. Nordkalotten hotell \u00e4r byggt av \u00f6ver 1 000 \u00e5r gammalt kelo-tr\u00e4. Hotellet har 8 h\u00f6rn som symboliserar det samiska \u00e5rets 8 \u00e5rstider. Den stora \u00f6ppna eldstaden i restaurangen \u00c5tta \u00e5rstider v\u00e4ger 17 ton och \u00e4r gjord av skiffer fr\u00e5n Finland.<\/p><p>Hotellet \u00e4r uppf\u00f6rt p\u00e5 gammal renbetesmark och sp\u00e5r av gamla samiska boplatser finns i omr\u00e5det. Det ligger vackert bel\u00e4get mellan centrum och vildmarken, sydv\u00e4st om Lule\u00e5 och n\u00e4ra Lule\u00e5 flygplats.<\/p>\t\t\t\t\t\t\t\t<\/div>\n\t\t\t\t<\/div>\n\t\t\t\t\t<\/div>\n\t\t<\/div>\n\t\t\t\t<div class=\"elementor-column elementor-col-50 elementor-top-column elementor-element elementor-element-1a185c9\" data-id=\"1a185c9\" data-element_type=\"column\" data-e-type=\"column\">\n\t\t\t<div class=\"elementor-widget-wrap elementor-element-populated\">\n\t\t\t\t\t\t<div class=\"elementor-element elementor-element-90fee28 elementor-widget elementor-widget-heading\" data-id=\"90fee28\" data-element_type=\"widget\" data-e-type=\"widget\" data-widget_type=\"heading.default\">\n\t\t\t\t<div class=\"elementor-widget-container\">\n\t\t\t\t\t<h2 class=\"elementor-heading-title elementor-size-default\">Beskrivning av tj\u00e4nsterna?<\/h2>\t\t\t\t<\/div>\n\t\t\t\t<\/div>\n\t\t\t\t<div class=\"elementor-element elementor-element-889237e elementor-widget elementor-widget-text-editor\" data-id=\"889237e\" data-element_type=\"widget\" data-e-type=\"widget\" data-widget_type=\"text-editor.default\">\n\t\t\t\t<div class=\"elementor-widget-container\">\n\t\t\t\t\t\t\t\t\t<p>Detta underbara hotell ligger rakt \u00f6ver floden fr\u00e5n Lule\u00e5s mer centrala delar, bara 2 kilometers resa fr\u00e5n Lule\u00e5 flygplats. G\u00e4sterna kan njuta av gratis Wi-Fi och gratis tillg\u00e5ng till bastu. Det erbjuder traditionell samisk mat i ett t\u00e4lt runt en eldstad.Alla rum p\u00e5 Nordkalotten Hotell &amp; Konferens har tr\u00e4m\u00f6bler. Varje rum p\u00e5 detta fina hotell inkluderar eget badrum och kabel-TV. Vissa rum har \u00e4ven kylsk\u00e5p och egen bastu.<\/p><p>Handikappanpassade rum finns tillg\u00e4ngliga p\u00e5 beg\u00e4ran. Hotellets entr\u00e9 och de allm\u00e4nna utrymmena \u00e4r l\u00e4ttillg\u00e4ngliga.<\/p>\t\t\t\t\t\t\t\t<\/div>\n\t\t\t\t<\/div>\n\t\t\t\t\t<\/div>\n\t\t<\/div>\n\t\t\t\t\t<\/div>\n\t\t<\/section>\n\t\t\t\t<section class=\"elementor-section elementor-top-section elementor-element elementor-element-0787459 elementor-section-boxed elementor-section-height-default elementor-section-height-default\" data-id=\"0787459\" data-element_type=\"section\" data-e-type=\"section\" data-settings=\"{&quot;background_background&quot;:&quot;classic&quot;}\">\n\t\t\t\t\t\t<div class=\"elementor-container elementor-column-gap-default\">\n\t\t\t\t\t<div class=\"elementor-column elementor-col-100 elementor-top-column elementor-element elementor-element-c6cd3fa\" data-id=\"c6cd3fa\" data-element_type=\"column\" data-e-type=\"column\">\n\t\t\t<div class=\"elementor-widget-wrap elementor-element-populated\">\n\t\t\t\t\t\t<div class=\"elementor-element elementor-element-26ae5dc elementor-widget elementor-widget-heading\" data-id=\"26ae5dc\" data-element_type=\"widget\" data-e-type=\"widget\" data-widget_type=\"heading.default\">\n\t\t\t\t<div class=\"elementor-widget-container\">\n\t\t\t\t\t<h2 class=\"elementor-heading-title elementor-size-default\">About Nordkalotten <\/h2>\t\t\t\t<\/div>\n\t\t\t\t<\/div>\n\t\t\t\t<div class=\"elementor-element elementor-element-4e52135 elementor-widget elementor-widget-text-editor\" data-id=\"4e52135\" data-element_type=\"widget\" data-e-type=\"widget\" data-widget_type=\"text-editor.default\">\n\t\t\t\t<div class=\"elementor-widget-container\">\n\t\t\t\t\t\t\t\t\t<p>In beautiful and relaxing surroundings, overlooking the lake, is the Nordkalotten hotel and conference. In the middle of the forest but close to Lule\u00e5's city center and only 2 km from Lule\u00e5 Airport. The hotel's timbered buildings are built of thousand-year-old dry pine, which creates a peaceful and warming atmosphere.<\/p>\t\t\t\t\t\t\t\t<\/div>\n\t\t\t\t<\/div>\n\t\t\t\t\t<\/div>\n\t\t<\/div>\n\t\t\t\t\t<\/div>\n\t\t<\/section>\n\t\t\t\t<section class=\"elementor-section elementor-top-section elementor-element elementor-element-87004db elementor-hidden-desktop elementor-hidden-tablet elementor-hidden-phone elementor-section-boxed elementor-section-height-default elementor-section-height-default\" data-id=\"87004db\" data-element_type=\"section\" data-e-type=\"section\" data-settings=\"{&quot;background_background&quot;:&quot;classic&quot;}\">\n\t\t\t\t\t\t<div class=\"elementor-container elementor-column-gap-default\">\n\t\t\t\t\t<div class=\"elementor-column elementor-col-100 elementor-top-column elementor-element elementor-element-9b5879b\" data-id=\"9b5879b\" data-element_type=\"column\" data-e-type=\"column\">\n\t\t\t<div class=\"elementor-widget-wrap elementor-element-populated\">\n\t\t\t\t\t\t<div class=\"elementor-element elementor-element-1901c20 elementor-grid-3 elementor-grid-tablet-2 elementor-grid-mobile-1 elementor-posts--thumbnail-top elementor-card-shadow-yes elementor-posts__hover-gradient elementor-widget elementor-widget-posts\" data-id=\"1901c20\" data-element_type=\"widget\" data-e-type=\"widget\" data-settings=\"{&quot;cards_columns&quot;:&quot;3&quot;,&quot;cards_columns_tablet&quot;:&quot;2&quot;,&quot;cards_columns_mobile&quot;:&quot;1&quot;,&quot;cards_row_gap&quot;:{&quot;unit&quot;:&quot;px&quot;,&quot;size&quot;:35,&quot;sizes&quot;:[]},&quot;cards_row_gap_tablet&quot;:{&quot;unit&quot;:&quot;px&quot;,&quot;size&quot;:&quot;&quot;,&quot;sizes&quot;:[]},&quot;cards_row_gap_mobile&quot;:{&quot;unit&quot;:&quot;px&quot;,&quot;size&quot;:&quot;&quot;,&quot;sizes&quot;:[]}}\" data-widget_type=\"posts.cards\">\n\t\t\t\t<div class=\"elementor-widget-container\">\n\t\t\t\t\t\t\t<div class=\"elementor-posts-container elementor-posts elementor-posts--skin-cards elementor-grid\" role=\"list\">\n\t\t\t\t<article class=\"elementor-post elementor-grid-item post-9 hotell type-hotell status-publish format-standard has-post-thumbnail hentry\" role=\"listitem\">\n\t\t\t<div class=\"elementor-post__card\">\n\t\t\t\t<a class=\"elementor-post__thumbnail__link\" href=\"https:\/\/nordkalotten.com\/en\/boende\/dubbelrum\/\" tabindex=\"-1\" ><div class=\"elementor-post__thumbnail\"><img fetchpriority=\"high\" decoding=\"async\" width=\"800\" height=\"534\" src=\"https:\/\/nordkalotten.com\/wp-content\/uploads\/2020\/03\/Provrum_Nordkalotten-1024x683.jpg\" class=\"attachment-large size-large wp-image-21\" alt=\"\" srcset=\"https:\/\/nordkalotten.com\/wp-content\/uploads\/2020\/03\/Provrum_Nordkalotten-1024x683.jpg 1024w, https:\/\/nordkalotten.com\/wp-content\/uploads\/2020\/03\/Provrum_Nordkalotten-300x200.jpg 300w, https:\/\/nordkalotten.com\/wp-content\/uploads\/2020\/03\/Provrum_Nordkalotten-768x512.jpg 768w, https:\/\/nordkalotten.com\/wp-content\/uploads\/2020\/03\/Provrum_Nordkalotten-1536x1024.jpg 1536w, https:\/\/nordkalotten.com\/wp-content\/uploads\/2020\/03\/Provrum_Nordkalotten.jpg 2048w\" sizes=\"(max-width: 800px) 100vw, 800px\" \/><\/div><\/a>\n\t\t\t\t<div class=\"elementor-post__text\">\n\t\t\t\t<h3 class=\"elementor-post__title\">\n\t\t\t<a href=\"https:\/\/nordkalotten.com\/en\/boende\/dubbelrum\/\" >\n\t\t\t\tDubbelrum\t\t\t<\/a>\n\t\t<\/h3>\n\t\t\t\t<div class=\"elementor-post__excerpt\">\n\t\t\t<p>Lorem ipsum dolor sit amet, consectetur adipiscing elit. Sed sed risus tellus. Vestibulum commodo risus ac lectus maximus placerat. In volutpat nulla dolor. Aliquam erat<\/p>\n\t\t<\/div>\n\t\t\n\t\t<a class=\"elementor-post__read-more\" href=\"https:\/\/nordkalotten.com\/en\/boende\/dubbelrum\/\" aria-label=\"Read more about Dubbelrum\" tabindex=\"-1\" >\n\t\t\tRead more\t\t<\/a>\n\n\t\t\t\t<\/div>\n\t\t\t\t\t<\/div>\n\t\t<\/article>\n\t\t\t\t<\/div>\n\t\t\n\t\t\t\t\t\t<\/div>\n\t\t\t\t<\/div>\n\t\t\t\t\t<\/div>\n\t\t<\/div>\n\t\t\t\t\t<\/div>\n\t\t<\/section>\n\t\t\t\t<section class=\"elementor-section elementor-top-section elementor-element elementor-element-20132ec elementor-section-full_width elementor-section-height-default elementor-section-height-default\" data-id=\"20132ec\" data-element_type=\"section\" data-e-type=\"section\" data-settings=\"{&quot;background_background&quot;:&quot;classic&quot;}\">\n\t\t\t\t\t\t<div class=\"elementor-container elementor-column-gap-default\">\n\t\t\t\t\t<div class=\"elementor-column elementor-col-100 elementor-top-column elementor-element elementor-element-4f979bb\" data-id=\"4f979bb\" data-element_type=\"column\" data-e-type=\"column\">\n\t\t\t<div class=\"elementor-widget-wrap elementor-element-populated\">\n\t\t\t\t\t\t<div class=\"elementor-element elementor-element-52f1bae elementor-skin-carousel elementor-arrows-yes elementor-widget elementor-widget-media-carousel\" data-id=\"52f1bae\" data-element_type=\"widget\" data-e-type=\"widget\" data-settings=\"{&quot;slides_per_view&quot;:&quot;3&quot;,&quot;space_between_tablet&quot;:{&quot;unit&quot;:&quot;px&quot;,&quot;size&quot;:0,&quot;sizes&quot;:[]},&quot;skin&quot;:&quot;carousel&quot;,&quot;effect&quot;:&quot;slide&quot;,&quot;show_arrows&quot;:&quot;yes&quot;,&quot;speed&quot;:500,&quot;autoplay&quot;:&quot;yes&quot;,&quot;autoplay_speed&quot;:5000,&quot;loop&quot;:&quot;yes&quot;,&quot;pause_on_hover&quot;:&quot;yes&quot;,&quot;pause_on_interaction&quot;:&quot;yes&quot;,&quot;space_between&quot;:{&quot;unit&quot;:&quot;px&quot;,&quot;size&quot;:10,&quot;sizes&quot;:[]},&quot;space_between_mobile&quot;:{&quot;unit&quot;:&quot;px&quot;,&quot;size&quot;:10,&quot;sizes&quot;:[]}}\" data-widget_type=\"media-carousel.default\">\n\t\t\t\t<div class=\"elementor-widget-container\">\n\t\t\t\t\t\t\t\t\t<div class=\"elementor-swiper\">\n\t\t\t\t\t<div class=\"elementor-main-swiper swiper\" role=\"region\" aria-roledescription=\"carousel\" aria-label=\"Bildspel\">\n\t\t\t\t<div class=\"swiper-wrapper\">\n\t\t\t\t\t\t\t\t\t\t\t<div class=\"swiper-slide\" role=\"group\" aria-roledescription=\"slide\">\n\t\t\t\t\t\t\t\t\t<div class=\"elementor-carousel-image lazyload\" role=\"img\" aria-label=\"hotellrum\" style=\"background-image:inherit\" data-bg-image=\"url(&#039;https:\/\/nordkalotten.com\/wp-content\/uploads\/2020\/11\/hotellrum.jpg&#039;)\">\n\n\t\t\t\n\t\t\t\t\t<\/div>\n\t\t\t\t\t\t\t\t<\/div>\n\t\t\t\t\t\t\t\t\t\t\t<div class=\"swiper-slide\" role=\"group\" aria-roledescription=\"slide\">\n\t\t\t\t\t\t\t\t\t<div class=\"elementor-carousel-image lazyload\" role=\"img\" aria-label=\"exterior\" style=\"background-image:inherit\" data-bg-image=\"url(&#039;https:\/\/nordkalotten.com\/wp-content\/uploads\/2020\/11\/exterior_1000px.jpg&#039;)\">\n\n\t\t\t\n\t\t\t\t\t<\/div>\n\t\t\t\t\t\t\t\t<\/div>\n\t\t\t\t\t\t\t\t\t\t\t<div class=\"swiper-slide\" role=\"group\" aria-roledescription=\"slide\">\n\t\t\t\t\t\t\t\t\t<div class=\"elementor-carousel-image lazyload\" role=\"img\" aria-label=\"lobby\" style=\"background-image:inherit\" data-bg-image=\"url(&#039;https:\/\/nordkalotten.com\/wp-content\/uploads\/2020\/11\/lobby_1000px.jpg&#039;)\">\n\n\t\t\t\n\t\t\t\t\t<\/div>\n\t\t\t\t\t\t\t\t<\/div>\n\t\t\t\t\t\t\t\t\t\t\t<div class=\"swiper-slide\" role=\"group\" aria-roledescription=\"slide\">\n\t\t\t\t\t\t\t\t\t<div class=\"elementor-carousel-image lazyload\" role=\"img\" aria-label=\"Imacon Color Scanner\" style=\"background-image:inherit\" data-bg-image=\"url(&#039;https:\/\/nordkalotten.com\/wp-content\/uploads\/2020\/06\/Bilder-aktiviteter-006-scaled-e1592924449820.jpg&#039;)\">\n\n\t\t\t\n\t\t\t\t\t<\/div>\n\t\t\t\t\t\t\t\t<\/div>\n\t\t\t\t\t\t\t\t\t\t\t<div class=\"swiper-slide\" role=\"group\" aria-roledescription=\"slide\">\n\t\t\t\t\t\t\t\t\t<div class=\"elementor-carousel-image lazyload\" role=\"img\" aria-label=\"lobby\" style=\"background-image:inherit\" data-bg-image=\"url(&#039;https:\/\/nordkalotten.com\/wp-content\/uploads\/2020\/11\/lobby_2_1000px.jpg&#039;)\">\n\n\t\t\t\n\t\t\t\t\t<\/div>\n\t\t\t\t\t\t\t\t<\/div>\n\t\t\t\t\t\t\t\t\t\t\t<div class=\"swiper-slide\" role=\"group\" aria-roledescription=\"slide\">\n\t\t\t\t\t\t\t\t\t<div class=\"elementor-carousel-image lazyload\" role=\"img\" aria-label=\"jaktvillan\" style=\"background-image:inherit\" data-bg-image=\"url(&#039;https:\/\/nordkalotten.com\/wp-content\/uploads\/2020\/11\/jaktvillan.jpg&#039;)\">\n\n\t\t\t\n\t\t\t\t\t<\/div>\n\t\t\t\t\t\t\t\t<\/div>\n\t\t\t\t\t\t\t\t\t\t\t<div class=\"swiper-slide\" role=\"group\" aria-roledescription=\"slide\">\n\t\t\t\t\t\t\t\t\t<div class=\"elementor-carousel-image lazyload\" role=\"img\" aria-label=\"20150901_Nordkalotten_Rum_05\" style=\"background-image:inherit\" data-bg-image=\"url(&#039;https:\/\/nordkalotten.com\/wp-content\/uploads\/2020\/06\/20150901_Nordkalotten_Rum_05-scaled.jpg&#039;)\">\n\n\t\t\t\n\t\t\t\t\t<\/div>\n\t\t\t\t\t\t\t\t<\/div>\n\t\t\t\t\t\t\t\t\t<\/div>\n\t\t\t\t\t\t\t\t\t\t\t\t\t\t\t<div class=\"elementor-swiper-button elementor-swiper-button-prev\" role=\"button\" tabindex=\"0\" aria-label=\"F\u00f6reg\u00e5ende\">\n\t\t\t\t\t\t\t<i aria-hidden=\"true\" class=\"eicon-chevron-left\"><\/i>\t\t\t\t\t\t<\/div>\n\t\t\t\t\t\t<div class=\"elementor-swiper-button elementor-swiper-button-next\" role=\"button\" tabindex=\"0\" aria-label=\"N\u00e4sta\">\n\t\t\t\t\t\t\t<i aria-hidden=\"true\" class=\"eicon-chevron-right\"><\/i>\t\t\t\t\t\t<\/div>\n\t\t\t\t\t\t\t\t\t\t\t\t\t\t\t\t\t<\/div>\n\t\t\t\t<\/div>\n\t\t\t\t\t\t\t\t<\/div>\n\t\t\t\t<\/div>\n\t\t\t\t\t<\/div>\n\t\t<\/div>\n\t\t\t\t\t<\/div>\n\t\t<\/section>\n\t\t\t\t<\/div>","protected":false},"excerpt":{"rendered":"<p>BoendeF\u00f6r tillf\u00e4llet fullbokat en tid fram\u00f6ver Om hotellet S\u00e5 n\u00e4ra vildmarken, stadens centrum och Lule\u00e5 flygplats att du inte missar n\u00e5gonting. Nordkalotten hotell \u00e4r byggt av \u00f6ver 1 000 \u00e5r gammalt kelo-tr\u00e4. Hotellet har 8 h\u00f6rn som symboliserar det samiska \u00e5rets 8 \u00e5rstider. Den stora \u00f6ppna eldstaden i restaurangen \u00c5tta \u00e5rstider v\u00e4ger 17 ton och [&hellip;]<\/p>\n","protected":false},"author":5,"featured_media":0,"parent":0,"menu_order":10,"comment_status":"closed","ping_status":"closed","template":"","meta":{"_acf_changed":false,"footnotes":""},"class_list":["post-140","page","type-page","status-publish","hentry"],"acf":[],"yoast_head":"<!-- This site is optimized with the Yoast SEO plugin v26.9 - https:\/\/yoast.com\/product\/yoast-seo-wordpress\/ -->\n<title>Boende - Nordkalotten<\/title>\n<meta name=\"robots\" content=\"index, follow, max-snippet:-1, max-image-preview:large, max-video-preview:-1\" \/>\n<link rel=\"canonical\" href=\"https:\/\/nordkalotten.com\/en\/boende\/\" \/>\n<meta property=\"og:locale\" content=\"en_GB\" \/>\n<meta property=\"og:type\" content=\"article\" \/>\n<meta property=\"og:title\" content=\"Boende - Nordkalotten\" \/>\n<meta property=\"og:description\" content=\"BoendeF\u00f6r tillf\u00e4llet fullbokat en tid fram\u00f6ver Om hotellet S\u00e5 n\u00e4ra vildmarken, stadens centrum och Lule\u00e5 flygplats att du inte missar n\u00e5gonting. Nordkalotten hotell \u00e4r byggt av \u00f6ver 1 000 \u00e5r gammalt kelo-tr\u00e4. Hotellet har 8 h\u00f6rn som symboliserar det samiska \u00e5rets 8 \u00e5rstider. Den stora \u00f6ppna eldstaden i restaurangen \u00c5tta \u00e5rstider v\u00e4ger 17 ton och [&hellip;]\" \/>\n<meta property=\"og:url\" content=\"https:\/\/nordkalotten.com\/en\/boende\/\" \/>\n<meta property=\"og:site_name\" content=\"Nordkalotten\" \/>\n<meta property=\"article:modified_time\" content=\"2024-06-26T08:25:51+00:00\" \/>\n<meta name=\"twitter:card\" content=\"summary_large_image\" \/>\n<meta name=\"twitter:label1\" content=\"Estimated reading time\" \/>\n\t<meta name=\"twitter:data1\" content=\"2 minutes\" \/>\n<script type=\"application\/ld+json\" class=\"yoast-schema-graph\">{\"@context\":\"https:\/\/schema.org\",\"@graph\":[{\"@type\":\"WebPage\",\"@id\":\"https:\/\/nordkalotten.com\/boende\/\",\"url\":\"https:\/\/nordkalotten.com\/boende\/\",\"name\":\"Boende - Nordkalotten\",\"isPartOf\":{\"@id\":\"https:\/\/nordkalotten.com\/#website\"},\"datePublished\":\"2020-04-15T08:06:11+00:00\",\"dateModified\":\"2024-06-26T08:25:51+00:00\",\"breadcrumb\":{\"@id\":\"https:\/\/nordkalotten.com\/boende\/#breadcrumb\"},\"inLanguage\":\"en-GB\",\"potentialAction\":[{\"@type\":\"ReadAction\",\"target\":[\"https:\/\/nordkalotten.com\/boende\/\"]}]},{\"@type\":\"BreadcrumbList\",\"@id\":\"https:\/\/nordkalotten.com\/boende\/#breadcrumb\",\"itemListElement\":[{\"@type\":\"ListItem\",\"position\":1,\"name\":\"Home\",\"item\":\"https:\/\/nordkalotten.com\/\"},{\"@type\":\"ListItem\",\"position\":2,\"name\":\"Boende\"}]},{\"@type\":\"WebSite\",\"@id\":\"https:\/\/nordkalotten.com\/#website\",\"url\":\"https:\/\/nordkalotten.com\/\",\"name\":\"Nordkalotten\",\"description\":\"Hotell &amp; Konferens\",\"publisher\":{\"@id\":\"https:\/\/nordkalotten.com\/#organization\"},\"potentialAction\":[{\"@type\":\"SearchAction\",\"target\":{\"@type\":\"EntryPoint\",\"urlTemplate\":\"https:\/\/nordkalotten.com\/?s={search_term_string}\"},\"query-input\":{\"@type\":\"PropertyValueSpecification\",\"valueRequired\":true,\"valueName\":\"search_term_string\"}}],\"inLanguage\":\"en-GB\"},{\"@type\":\"Organization\",\"@id\":\"https:\/\/nordkalotten.com\/#organization\",\"name\":\"Nordkalotten\",\"url\":\"https:\/\/nordkalotten.com\/\",\"logo\":{\"@type\":\"ImageObject\",\"inLanguage\":\"en-GB\",\"@id\":\"https:\/\/nordkalotten.com\/#\/schema\/logo\/image\/\",\"url\":\"https:\/\/nordkalotten.com\/wp-content\/uploads\/2020\/06\/Nordkalotten-liggande-logga-vit-st\u00f6rre.png\",\"contentUrl\":\"https:\/\/nordkalotten.com\/wp-content\/uploads\/2020\/06\/Nordkalotten-liggande-logga-vit-st\u00f6rre.png\",\"width\":1384,\"height\":251,\"caption\":\"Nordkalotten\"},\"image\":{\"@id\":\"https:\/\/nordkalotten.com\/#\/schema\/logo\/image\/\"}}]}<\/script>\n<!-- \/ Yoast SEO plugin. -->","yoast_head_json":{"title":"Boende - Nordkalotten","robots":{"index":"index","follow":"follow","max-snippet":"max-snippet:-1","max-image-preview":"max-image-preview:large","max-video-preview":"max-video-preview:-1"},"canonical":"https:\/\/nordkalotten.com\/en\/boende\/","og_locale":"en_GB","og_type":"article","og_title":"Boende - Nordkalotten","og_description":"BoendeF\u00f6r tillf\u00e4llet fullbokat en tid fram\u00f6ver Om hotellet S\u00e5 n\u00e4ra vildmarken, stadens centrum och Lule\u00e5 flygplats att du inte missar n\u00e5gonting. Nordkalotten hotell \u00e4r byggt av \u00f6ver 1 000 \u00e5r gammalt kelo-tr\u00e4. Hotellet har 8 h\u00f6rn som symboliserar det samiska \u00e5rets 8 \u00e5rstider. Den stora \u00f6ppna eldstaden i restaurangen \u00c5tta \u00e5rstider v\u00e4ger 17 ton och [&hellip;]","og_url":"https:\/\/nordkalotten.com\/en\/boende\/","og_site_name":"Nordkalotten","article_modified_time":"2024-06-26T08:25:51+00:00","twitter_card":"summary_large_image","twitter_misc":{"Estimated reading time":"2 minutes"},"schema":{"@context":"https:\/\/schema.org","@graph":[{"@type":"WebPage","@id":"https:\/\/nordkalotten.com\/boende\/","url":"https:\/\/nordkalotten.com\/boende\/","name":"Boende - Nordkalotten","isPartOf":{"@id":"https:\/\/nordkalotten.com\/#website"},"datePublished":"2020-04-15T08:06:11+00:00","dateModified":"2024-06-26T08:25:51+00:00","breadcrumb":{"@id":"https:\/\/nordkalotten.com\/boende\/#breadcrumb"},"inLanguage":"en-GB","potentialAction":[{"@type":"ReadAction","target":["https:\/\/nordkalotten.com\/boende\/"]}]},{"@type":"BreadcrumbList","@id":"https:\/\/nordkalotten.com\/boende\/#breadcrumb","itemListElement":[{"@type":"ListItem","position":1,"name":"Home","item":"https:\/\/nordkalotten.com\/"},{"@type":"ListItem","position":2,"name":"Boende"}]},{"@type":"WebSite","@id":"https:\/\/nordkalotten.com\/#website","url":"https:\/\/nordkalotten.com\/","name":"Nordkalotten","description":"Hotell &amp; Konferens","publisher":{"@id":"https:\/\/nordkalotten.com\/#organization"},"potentialAction":[{"@type":"SearchAction","target":{"@type":"EntryPoint","urlTemplate":"https:\/\/nordkalotten.com\/?s={search_term_string}"},"query-input":{"@type":"PropertyValueSpecification","valueRequired":true,"valueName":"search_term_string"}}],"inLanguage":"en-GB"},{"@type":"Organization","@id":"https:\/\/nordkalotten.com\/#organization","name":"Nordkalotten","url":"https:\/\/nordkalotten.com\/","logo":{"@type":"ImageObject","inLanguage":"en-GB","@id":"https:\/\/nordkalotten.com\/#\/schema\/logo\/image\/","url":"https:\/\/nordkalotten.com\/wp-content\/uploads\/2020\/06\/Nordkalotten-liggande-logga-vit-st\u00f6rre.png","contentUrl":"https:\/\/nordkalotten.com\/wp-content\/uploads\/2020\/06\/Nordkalotten-liggande-logga-vit-st\u00f6rre.png","width":1384,"height":251,"caption":"Nordkalotten"},"image":{"@id":"https:\/\/nordkalotten.com\/#\/schema\/logo\/image\/"}}]}},"_links":{"self":[{"href":"https:\/\/nordkalotten.com\/en\/wp-json\/wp\/v2\/pages\/140","targetHints":{"allow":["GET"]}}],"collection":[{"href":"https:\/\/nordkalotten.com\/en\/wp-json\/wp\/v2\/pages"}],"about":[{"href":"https:\/\/nordkalotten.com\/en\/wp-json\/wp\/v2\/types\/page"}],"author":[{"embeddable":true,"href":"https:\/\/nordkalotten.com\/en\/wp-json\/wp\/v2\/users\/5"}],"replies":[{"embeddable":true,"href":"https:\/\/nordkalotten.com\/en\/wp-json\/wp\/v2\/comments?post=140"}],"version-history":[{"count":36,"href":"https:\/\/nordkalotten.com\/en\/wp-json\/wp\/v2\/pages\/140\/revisions"}],"predecessor-version":[{"id":554,"href":"https:\/\/nordkalotten.com\/en\/wp-json\/wp\/v2\/pages\/140\/revisions\/554"}],"wp:attachment":[{"href":"https:\/\/nordkalotten.com\/en\/wp-json\/wp\/v2\/media?parent=140"}],"curies":[{"name":"wp","href":"https:\/\/api.w.org\/{rel}","templated":true}]}}