{"id":578,"date":"2025-02-28T08:57:36","date_gmt":"2025-02-28T08:57:36","guid":{"rendered":"https:\/\/nordkalotten.com\/?page_id=578"},"modified":"2025-02-28T09:08:19","modified_gmt":"2025-02-28T09:08:19","slug":"visselblasartjanst","status":"publish","type":"page","link":"https:\/\/nordkalotten.com\/en\/visselblasartjanst\/","title":{"rendered":"Whistleblowing service"},"content":{"rendered":"\t\t<div data-elementor-type=\"wp-page\" data-elementor-id=\"578\" class=\"elementor elementor-578\" data-elementor-post-type=\"page\">\n\t\t\t\t\t\t<section class=\"elementor-section elementor-top-section elementor-element elementor-element-1738837 elementor-section-boxed elementor-section-height-default elementor-section-height-default\" data-id=\"1738837\" data-element_type=\"section\" data-e-type=\"section\">\n\t\t\t\t\t\t<div class=\"elementor-container elementor-column-gap-default\">\n\t\t\t\t\t<div class=\"elementor-column elementor-col-100 elementor-top-column elementor-element elementor-element-afc6008\" data-id=\"afc6008\" data-element_type=\"column\" data-e-type=\"column\">\n\t\t\t<div class=\"elementor-widget-wrap elementor-element-populated\">\n\t\t\t\t\t\t<div class=\"elementor-element elementor-element-76ed2f4 elementor-widget elementor-widget-heading\" data-id=\"76ed2f4\" data-element_type=\"widget\" data-e-type=\"widget\" data-widget_type=\"heading.default\">\n\t\t\t\t<div class=\"elementor-widget-container\">\n\t\t\t\t\t<h2 class=\"elementor-heading-title elementor-size-default\">Visselbl\u00e5sartj\u00e4nst<\/h2>\t\t\t\t<\/div>\n\t\t\t\t<\/div>\n\t\t\t\t<div class=\"elementor-element elementor-element-b6b3845 elementor-widget elementor-widget-text-editor\" data-id=\"b6b3845\" data-element_type=\"widget\" data-e-type=\"widget\" data-widget_type=\"text-editor.default\">\n\t\t\t\t<div class=\"elementor-widget-container\">\n\t\t\t\t\t\t\t\t\t<p>Nordkalotten \u00e4r m\u00e5n om att verksamheten pr\u00e4glas av en h\u00f6g etisk standard d\u00e4r varje relation \u00e4r viktig och ska v\u00e5rdas omsorgsfullt. Vi vill uppr\u00e4tth\u00e5lla ett \u00f6ppet klimat och bevara medarbetares, bes\u00f6kare och allm\u00e4nhetens f\u00f6rtroende genom h\u00f6g etik och det \u00e4r d\u00e4rmed viktigt att risker och andra missf\u00f6rh\u00e5llanden i verksamheten kommer till v\u00e5r k\u00e4nnedom och kan \u00e5tg\u00e4rdas snarast m\u00f6jligt. Du har en viktig roll genom att rapportera eventuella missf\u00f6rh\u00e5llanden inom v\u00e5r verksamhet.<\/p><p>V\u00e5r visselbl\u00e5sartj\u00e4nst ger dig m\u00f6jlighet att informera oss om en misstanke kring ett allvarligt missf\u00f6rh\u00e5llande inom v\u00e5r verksamhet. Via formul\u00e4ret kan du l\u00e4mna information om du misst\u00e4nker att n\u00e5got inte \u00e4r i linje med v\u00e5ra uppr\u00e4ttade policys, v\u00e5ra etiska principer, v\u00e5ra v\u00e4rderingar eller annat som allvarligt kan p\u00e5verka m\u00e4nniskors liv, h\u00e4lsa eller v\u00e5rt f\u00f6retag.\u00a0<\/p><p>Vill du l\u00e4mna en anm\u00e4lan om missf\u00f6rh\u00e5llanden fyller du i formul\u00e4ret nedan och uppger dina kontaktuppgifter. \u00d6nskar du vara anonym \u00e4r det viktigt att du\u00a0<strong style=\"font-style: inherit;\"><u><span style=\"font-style: inherit;\">inte<\/span><\/u><\/strong>\u00a0anger dina kontaktuppgifter i formul\u00e4ret. Observera att vi ej har m\u00f6jlighet att \u00e5terkoppla \u00e4renden ins\u00e4nda av anonyma individer. \u00d6nskar du bli uppringd f\u00f6r att l\u00e4mna ditt \u00e4rende muntligen ber vi dig fylla i ett kontaktnummer och i \u00e4rendef\u00e4ltet skriva att du \u00f6nskar bli uppringd.<\/p>\t\t\t\t\t\t\t\t<\/div>\n\t\t\t\t<\/div>\n\t\t\t\t<div class=\"elementor-element elementor-element-701a619 elementor-button-align-stretch elementor-widget elementor-widget-form\" data-id=\"701a619\" data-element_type=\"widget\" data-e-type=\"widget\" data-settings=\"{&quot;step_next_label&quot;:&quot;Next&quot;,&quot;step_previous_label&quot;:&quot;Previous&quot;,&quot;button_width&quot;:&quot;100&quot;,&quot;step_type&quot;:&quot;number_text&quot;,&quot;step_icon_shape&quot;:&quot;circle&quot;}\" data-widget_type=\"form.default\">\n\t\t\t\t<div class=\"elementor-widget-container\">\n\t\t\t\t\t\t\t<form class=\"elementor-form\" method=\"post\" name=\"New Form\" aria-label=\"New Form\">\n\t\t\t<input type=\"hidden\" name=\"post_id\" value=\"578\"\/>\n\t\t\t<input type=\"hidden\" name=\"form_id\" value=\"701a619\"\/>\n\t\t\t<input type=\"hidden\" name=\"referer_title\" value=\"Visselbl\u00e5sartj\u00e4nst - Nordkalotten\" \/>\n\n\t\t\t\t\t\t\t<input type=\"hidden\" name=\"queried_id\" value=\"578\"\/>\n\t\t\t\n\t\t\t<div class=\"elementor-form-fields-wrapper elementor-labels-above\">\n\t\t\t\t\t\t\t\t<div class=\"elementor-field-type-select elementor-field-group elementor-column elementor-field-group-name elementor-col-100 elementor-field-required elementor-mark-required\">\n\t\t\t\t\t\t\t\t\t\t\t\t<label for=\"form-field-name\" class=\"elementor-field-label\">\n\t\t\t\t\t\t\t\tVilken kategori tillh\u00f6r du?\t\t\t\t\t\t\t<\/label>\n\t\t\t\t\t\t\t\t<div class=\"elementor-field elementor-select-wrapper remove-before \">\n\t\t\t<div class=\"select-caret-down-wrapper\">\n\t\t\t\t<i aria-hidden=\"true\" class=\"eicon-caret-down\"><\/i>\t\t\t<\/div>\n\t\t\t<select name=\"form_fields[name]\" id=\"form-field-name\" class=\"elementor-field-textual elementor-size-sm\" required=\"required\">\n\t\t\t\t\t\t\t\t\t<option value=\"Anst\u00e4lld\">Anst\u00e4lld<\/option>\n\t\t\t\t\t\t\t\t\t<option value=\"Bes\u00f6kare\">Bes\u00f6kare<\/option>\n\t\t\t\t\t\t\t\t\t<option value=\"Leverant\u00f6r\">Leverant\u00f6r<\/option>\n\t\t\t\t\t\t\t\t\t<option value=\"Praktikant\">Praktikant<\/option>\n\t\t\t\t\t\t\t\t\t<option value=\"Aktie\u00e4gare\">Aktie\u00e4gare<\/option>\n\t\t\t\t\t\t\t\t\t<option value=\"\u00d6vrigt\">\u00d6vrigt<\/option>\n\t\t\t\t\t\t\t<\/select>\n\t\t<\/div>\n\t\t\t\t\t\t<\/div>\n\t\t\t\t\t\t\t\t<div class=\"elementor-field-type-date elementor-field-group elementor-column elementor-field-group-email elementor-col-100 elementor-field-required elementor-mark-required\">\n\t\t\t\t\t\t\t\t\t\t\t\t<label for=\"form-field-email\" class=\"elementor-field-label\">\n\t\t\t\t\t\t\t\tN\u00e4r intr\u00e4ffade detta?\t\t\t\t\t\t\t<\/label>\n\t\t\t\t\t\t\n\t\t<input type=\"date\" name=\"form_fields[email]\" id=\"form-field-email\" class=\"elementor-field elementor-size-sm  elementor-field-textual elementor-date-field\" placeholder=\"\u00c5\u00c5\u00c5\u00c5-MM-DD\" required=\"required\" pattern=\"[0-9]{4}-[0-9]{2}-[0-9]{2}\">\n\t\t\t\t\t\t<\/div>\n\t\t\t\t\t\t\t\t<div class=\"elementor-field-type-text elementor-field-group elementor-column elementor-field-group-field_f20b410 elementor-col-100 elementor-field-required elementor-mark-required\">\n\t\t\t\t\t\t\t\t\t\t\t\t<label for=\"form-field-field_f20b410\" class=\"elementor-field-label\">\n\t\t\t\t\t\t\t\tVar intr\u00e4ffade detta?\t\t\t\t\t\t\t<\/label>\n\t\t\t\t\t\t\t\t\t\t\t\t\t\t<input size=\"1\" type=\"text\" name=\"form_fields[field_f20b410]\" id=\"form-field-field_f20b410\" class=\"elementor-field elementor-size-sm  elementor-field-textual\" required=\"required\">\n\t\t\t\t\t\t\t\t\t\t\t<\/div>\n\t\t\t\t\t\t\t\t<div class=\"elementor-field-type-textarea elementor-field-group elementor-column elementor-field-group-message elementor-col-100 elementor-field-required elementor-mark-required\">\n\t\t\t\t\t\t\t\t\t\t\t\t<label for=\"form-field-message\" class=\"elementor-field-label\">\n\t\t\t\t\t\t\t\tV\u00e4nligen beskriv ditt \u00e4rende\t\t\t\t\t\t\t<\/label>\n\t\t\t\t\t\t<textarea class=\"elementor-field-textual elementor-field  elementor-size-sm\" name=\"form_fields[message]\" id=\"form-field-message\" rows=\"4\" placeholder=\"Message\" required=\"required\"><\/textarea>\t\t\t\t<\/div>\n\t\t\t\t\t\t\t\t<div class=\"elementor-field-type-acceptance elementor-field-group elementor-column elementor-field-group-field_3056599 elementor-col-100 elementor-field-required elementor-mark-required\">\n\t\t\t\t\t\t\t\t\t\t\t\t<label for=\"form-field-field_3056599\" class=\"elementor-field-label\">\n\t\t\t\t\t\t\t\t<br><br>V\u00e5r tj\u00e4nst f\u00f6r visselbl\u00e5sning \u00e4r krypterad och vi  behandlar alla meddelanden konfidentiellt. Mottagande part \u00e4r opartisk och \u00e4r ej kopplad till den yttre verksamheten eller ledningen.\t\t\t\t\t\t\t<\/label>\n\t\t\t\t\t\t\t\t<div class=\"elementor-field-subgroup\">\n\t\t\t<span class=\"elementor-field-option\">\n\t\t\t\t<input type=\"checkbox\" name=\"form_fields[field_3056599]\" id=\"form-field-field_3056599\" class=\"elementor-field elementor-size-sm  elementor-acceptance-field\" required=\"required\">\n\t\t\t\t<label for=\"form-field-field_3056599\">Jag har l\u00e4st och f\u00f6rst\u00e5tt informationen<\/label>\t\t\t<\/span>\n\t\t<\/div>\n\t\t\t\t\t\t<\/div>\n\t\t\t\t\t\t\t\t<div class=\"elementor-field-type-recaptcha_v3 elementor-field-group elementor-column elementor-field-group-field_4650ed1 elementor-col-100 recaptcha_v3-bottomright\">\n\t\t\t\t\t<div class=\"elementor-field\" id=\"form-field-field_4650ed1\"><div class=\"elementor-g-recaptcha\" data-sitekey=\"6LeFuUEcAAAAAEd2MTD0BD_WDe5sInVJAP2GJuy3\" data-type=\"v3\" data-action=\"Form\" data-badge=\"bottomright\" data-size=\"invisible\"><\/div><\/div>\t\t\t\t<\/div>\n\t\t\t\t\t\t\t\t<div class=\"elementor-field-group elementor-column elementor-field-type-submit elementor-col-100 e-form__buttons\">\n\t\t\t\t\t<button class=\"elementor-button elementor-size-sm\" type=\"submit\">\n\t\t\t\t\t\t<span class=\"elementor-button-content-wrapper\">\n\t\t\t\t\t\t\t\t\t\t\t\t\t\t\t\t\t\t\t\t\t\t<span class=\"elementor-button-text\">Skicka<\/span>\n\t\t\t\t\t\t\t\t\t\t\t\t\t<\/span>\n\t\t\t\t\t<\/button>\n\t\t\t\t<\/div>\n\t\t\t<\/div>\n\t\t<\/form>\n\t\t\t\t\t\t<\/div>\n\t\t\t\t<\/div>\n\t\t\t\t\t<\/div>\n\t\t<\/div>\n\t\t\t\t\t<\/div>\n\t\t<\/section>\n\t\t\t\t<\/div>\n\t\t","protected":false},"excerpt":{"rendered":"<p>Visselbl\u00e5sartj\u00e4nst Nordkalotten \u00e4r m\u00e5n om att verksamheten pr\u00e4glas av en h\u00f6g etisk standard d\u00e4r varje relation \u00e4r viktig och ska v\u00e5rdas omsorgsfullt. Vi vill uppr\u00e4tth\u00e5lla ett \u00f6ppet klimat och bevara medarbetares, bes\u00f6kare och allm\u00e4nhetens f\u00f6rtroende genom h\u00f6g etik och det \u00e4r d\u00e4rmed viktigt att risker och andra missf\u00f6rh\u00e5llanden i verksamheten kommer till v\u00e5r k\u00e4nnedom och [&hellip;]<\/p>\n","protected":false},"author":5,"featured_media":0,"parent":0,"menu_order":1,"comment_status":"closed","ping_status":"closed","template":"","meta":{"_acf_changed":false,"footnotes":""},"class_list":["post-578","page","type-page","status-publish","hentry"],"acf":[],"yoast_head":"<!-- This site is optimized with the Yoast SEO plugin v26.9 - https:\/\/yoast.com\/product\/yoast-seo-wordpress\/ -->\n<title>Visselbl\u00e5sartj\u00e4nst - Nordkalotten<\/title>\n<meta name=\"robots\" content=\"index, follow, max-snippet:-1, max-image-preview:large, max-video-preview:-1\" \/>\n<link rel=\"canonical\" href=\"https:\/\/nordkalotten.com\/en\/visselblasartjanst\/\" \/>\n<meta property=\"og:locale\" content=\"en_GB\" \/>\n<meta property=\"og:type\" content=\"article\" \/>\n<meta property=\"og:title\" content=\"Visselbl\u00e5sartj\u00e4nst - Nordkalotten\" \/>\n<meta property=\"og:description\" content=\"Visselbl\u00e5sartj\u00e4nst Nordkalotten \u00e4r m\u00e5n om att verksamheten pr\u00e4glas av en h\u00f6g etisk standard d\u00e4r varje relation \u00e4r viktig och ska v\u00e5rdas omsorgsfullt. Vi vill uppr\u00e4tth\u00e5lla ett \u00f6ppet klimat och bevara medarbetares, bes\u00f6kare och allm\u00e4nhetens f\u00f6rtroende genom h\u00f6g etik och det \u00e4r d\u00e4rmed viktigt att risker och andra missf\u00f6rh\u00e5llanden i verksamheten kommer till v\u00e5r k\u00e4nnedom och [&hellip;]\" \/>\n<meta property=\"og:url\" content=\"https:\/\/nordkalotten.com\/en\/visselblasartjanst\/\" \/>\n<meta property=\"og:site_name\" content=\"Nordkalotten\" \/>\n<meta property=\"article:modified_time\" content=\"2025-02-28T09:08:19+00:00\" \/>\n<meta name=\"twitter:card\" content=\"summary_large_image\" \/>\n<meta name=\"twitter:label1\" content=\"Estimated reading time\" \/>\n\t<meta name=\"twitter:data1\" content=\"2 minutes\" \/>\n<script type=\"application\/ld+json\" class=\"yoast-schema-graph\">{\"@context\":\"https:\/\/schema.org\",\"@graph\":[{\"@type\":\"WebPage\",\"@id\":\"https:\/\/nordkalotten.com\/visselblasartjanst\/\",\"url\":\"https:\/\/nordkalotten.com\/visselblasartjanst\/\",\"name\":\"Visselbl\u00e5sartj\u00e4nst - Nordkalotten\",\"isPartOf\":{\"@id\":\"https:\/\/nordkalotten.com\/#website\"},\"datePublished\":\"2025-02-28T08:57:36+00:00\",\"dateModified\":\"2025-02-28T09:08:19+00:00\",\"breadcrumb\":{\"@id\":\"https:\/\/nordkalotten.com\/visselblasartjanst\/#breadcrumb\"},\"inLanguage\":\"en-GB\",\"potentialAction\":[{\"@type\":\"ReadAction\",\"target\":[\"https:\/\/nordkalotten.com\/visselblasartjanst\/\"]}]},{\"@type\":\"BreadcrumbList\",\"@id\":\"https:\/\/nordkalotten.com\/visselblasartjanst\/#breadcrumb\",\"itemListElement\":[{\"@type\":\"ListItem\",\"position\":1,\"name\":\"Home\",\"item\":\"https:\/\/nordkalotten.com\/\"},{\"@type\":\"ListItem\",\"position\":2,\"name\":\"Visselbl\u00e5sartj\u00e4nst\"}]},{\"@type\":\"WebSite\",\"@id\":\"https:\/\/nordkalotten.com\/#website\",\"url\":\"https:\/\/nordkalotten.com\/\",\"name\":\"Nordkalotten\",\"description\":\"Hotell &amp; Konferens\",\"publisher\":{\"@id\":\"https:\/\/nordkalotten.com\/#organization\"},\"potentialAction\":[{\"@type\":\"SearchAction\",\"target\":{\"@type\":\"EntryPoint\",\"urlTemplate\":\"https:\/\/nordkalotten.com\/?s={search_term_string}\"},\"query-input\":{\"@type\":\"PropertyValueSpecification\",\"valueRequired\":true,\"valueName\":\"search_term_string\"}}],\"inLanguage\":\"en-GB\"},{\"@type\":\"Organization\",\"@id\":\"https:\/\/nordkalotten.com\/#organization\",\"name\":\"Nordkalotten\",\"url\":\"https:\/\/nordkalotten.com\/\",\"logo\":{\"@type\":\"ImageObject\",\"inLanguage\":\"en-GB\",\"@id\":\"https:\/\/nordkalotten.com\/#\/schema\/logo\/image\/\",\"url\":\"https:\/\/nordkalotten.com\/wp-content\/uploads\/2020\/06\/Nordkalotten-liggande-logga-vit-st\u00f6rre.png\",\"contentUrl\":\"https:\/\/nordkalotten.com\/wp-content\/uploads\/2020\/06\/Nordkalotten-liggande-logga-vit-st\u00f6rre.png\",\"width\":1384,\"height\":251,\"caption\":\"Nordkalotten\"},\"image\":{\"@id\":\"https:\/\/nordkalotten.com\/#\/schema\/logo\/image\/\"}}]}<\/script>\n<!-- \/ Yoast SEO plugin. -->","yoast_head_json":{"title":"Visselbl\u00e5sartj\u00e4nst - Nordkalotten","robots":{"index":"index","follow":"follow","max-snippet":"max-snippet:-1","max-image-preview":"max-image-preview:large","max-video-preview":"max-video-preview:-1"},"canonical":"https:\/\/nordkalotten.com\/en\/visselblasartjanst\/","og_locale":"en_GB","og_type":"article","og_title":"Visselbl\u00e5sartj\u00e4nst - Nordkalotten","og_description":"Visselbl\u00e5sartj\u00e4nst Nordkalotten \u00e4r m\u00e5n om att verksamheten pr\u00e4glas av en h\u00f6g etisk standard d\u00e4r varje relation \u00e4r viktig och ska v\u00e5rdas omsorgsfullt. Vi vill uppr\u00e4tth\u00e5lla ett \u00f6ppet klimat och bevara medarbetares, bes\u00f6kare och allm\u00e4nhetens f\u00f6rtroende genom h\u00f6g etik och det \u00e4r d\u00e4rmed viktigt att risker och andra missf\u00f6rh\u00e5llanden i verksamheten kommer till v\u00e5r k\u00e4nnedom och [&hellip;]","og_url":"https:\/\/nordkalotten.com\/en\/visselblasartjanst\/","og_site_name":"Nordkalotten","article_modified_time":"2025-02-28T09:08:19+00:00","twitter_card":"summary_large_image","twitter_misc":{"Estimated reading time":"2 minutes"},"schema":{"@context":"https:\/\/schema.org","@graph":[{"@type":"WebPage","@id":"https:\/\/nordkalotten.com\/visselblasartjanst\/","url":"https:\/\/nordkalotten.com\/visselblasartjanst\/","name":"Visselbl\u00e5sartj\u00e4nst - Nordkalotten","isPartOf":{"@id":"https:\/\/nordkalotten.com\/#website"},"datePublished":"2025-02-28T08:57:36+00:00","dateModified":"2025-02-28T09:08:19+00:00","breadcrumb":{"@id":"https:\/\/nordkalotten.com\/visselblasartjanst\/#breadcrumb"},"inLanguage":"en-GB","potentialAction":[{"@type":"ReadAction","target":["https:\/\/nordkalotten.com\/visselblasartjanst\/"]}]},{"@type":"BreadcrumbList","@id":"https:\/\/nordkalotten.com\/visselblasartjanst\/#breadcrumb","itemListElement":[{"@type":"ListItem","position":1,"name":"Home","item":"https:\/\/nordkalotten.com\/"},{"@type":"ListItem","position":2,"name":"Visselbl\u00e5sartj\u00e4nst"}]},{"@type":"WebSite","@id":"https:\/\/nordkalotten.com\/#website","url":"https:\/\/nordkalotten.com\/","name":"Nordkalotten","description":"Hotell &amp; Konferens","publisher":{"@id":"https:\/\/nordkalotten.com\/#organization"},"potentialAction":[{"@type":"SearchAction","target":{"@type":"EntryPoint","urlTemplate":"https:\/\/nordkalotten.com\/?s={search_term_string}"},"query-input":{"@type":"PropertyValueSpecification","valueRequired":true,"valueName":"search_term_string"}}],"inLanguage":"en-GB"},{"@type":"Organization","@id":"https:\/\/nordkalotten.com\/#organization","name":"Nordkalotten","url":"https:\/\/nordkalotten.com\/","logo":{"@type":"ImageObject","inLanguage":"en-GB","@id":"https:\/\/nordkalotten.com\/#\/schema\/logo\/image\/","url":"https:\/\/nordkalotten.com\/wp-content\/uploads\/2020\/06\/Nordkalotten-liggande-logga-vit-st\u00f6rre.png","contentUrl":"https:\/\/nordkalotten.com\/wp-content\/uploads\/2020\/06\/Nordkalotten-liggande-logga-vit-st\u00f6rre.png","width":1384,"height":251,"caption":"Nordkalotten"},"image":{"@id":"https:\/\/nordkalotten.com\/#\/schema\/logo\/image\/"}}]}},"_links":{"self":[{"href":"https:\/\/nordkalotten.com\/en\/wp-json\/wp\/v2\/pages\/578","targetHints":{"allow":["GET"]}}],"collection":[{"href":"https:\/\/nordkalotten.com\/en\/wp-json\/wp\/v2\/pages"}],"about":[{"href":"https:\/\/nordkalotten.com\/en\/wp-json\/wp\/v2\/types\/page"}],"author":[{"embeddable":true,"href":"https:\/\/nordkalotten.com\/en\/wp-json\/wp\/v2\/users\/5"}],"replies":[{"embeddable":true,"href":"https:\/\/nordkalotten.com\/en\/wp-json\/wp\/v2\/comments?post=578"}],"version-history":[{"count":18,"href":"https:\/\/nordkalotten.com\/en\/wp-json\/wp\/v2\/pages\/578\/revisions"}],"predecessor-version":[{"id":597,"href":"https:\/\/nordkalotten.com\/en\/wp-json\/wp\/v2\/pages\/578\/revisions\/597"}],"wp:attachment":[{"href":"https:\/\/nordkalotten.com\/en\/wp-json\/wp\/v2\/media?parent=578"}],"curies":[{"name":"wp","href":"https:\/\/api.w.org\/{rel}","templated":true}]}}